{"id":9076,"date":"2026-04-14T08:29:02","date_gmt":"2026-04-14T08:29:02","guid":{"rendered":"https:\/\/www.thetaspirit.hr\/?page_id=9076"},"modified":"2026-04-22T17:40:45","modified_gmt":"2026-04-22T17:40:45","slug":"blog-thetahealing-iskustvo","status":"publish","type":"page","link":"https:\/\/www.thetaspirit.hr\/en\/blog-thetahealing-iskustvo\/","title":{"rendered":"ThetaHealing iskustvo: Kako sam promijenila \u017eivot iznutra"},"content":{"rendered":"<div class=\"wp-block-stackable-columns stk-block-columns stk-block stk-72a1a72\" data-block-id=\"72a1a72\"><style>.stk-72a1a72 .stk--block-align-72a1a72{align-items:center !important;}.stk-72a1a72 {margin-top:var(--stk--preset--spacing--70, 3.38rem) !important;margin-bottom:var(--stk--preset--spacing--70, 3.38rem) !important;}<\/style><div class=\"stk-row stk-inner-blocks stk--block-align-72a1a72 stk-block-content stk-content-align stk-72a1a72-column\">\n<div class=\"wp-block-stackable-column stk-block-column stk-column stk-block stk-a0d6496\" data-v=\"4\" data-block-id=\"a0d6496\"><div class=\"stk-column-wrapper stk-block-column__content stk-container stk-a0d6496-container stk--no-background stk--no-padding\"><div class=\"stk-block-content stk-inner-blocks stk-a0d6496-inner-blocks\">\n<div class=\"wp-block-stackable-text stk-block-text stk-block stk-dcd9759\" data-block-id=\"dcd9759\"><style>.stk-dcd9759 .stk-block-text__text{font-size:19px !important;}@media screen and (max-width: 1023px){.stk-dcd9759 .stk-block-text__text{font-size:19px !important;}}<\/style><p class=\"stk-block-text__text\"><strong>Osje\u0107ala sam da vi\u0161e ne mogu dalje na isti na\u010din. Unato\u010d svemu \u0161to sam radila na sebi, ni\u0161ta se nije konkretno mijenjalo. I to me najvi\u0161e boljelo.<br><\/strong> <br>Financije su bile lo\u0161e.<br><br>Osje\u0107ala sam se sama s dvoje djece.<br><br>Bila sam iscrpljena, umorna i izgubljena.<br><br>U isto vrijeme, dobivala sam verbalne napade od biv\u0161eg mu\u017ea.<br><br>U meni je bilo puno straha i krivnje.<br><br>I stalno isto pitanje:<br><br><strong>Za\u0161to se ni\u0161ta ne mijenja, iako toliko toga znam<\/strong>?<\/p><\/div>\n<\/div><\/div><\/div>\n\n\n\n<div class=\"wp-block-stackable-column stk-block-column stk-column stk-block stk-7d4e3bc\" data-v=\"4\" data-block-id=\"7d4e3bc\"><div class=\"stk-column-wrapper stk-block-column__content stk-container stk-7d4e3bc-container stk--no-background stk--no-padding\"><div class=\"has-text-align-center stk-block-content stk-inner-blocks stk-7d4e3bc-inner-blocks\">\n<div class=\"wp-block-stackable-image stk-block-image stk-block stk-8b5beea\" data-block-id=\"8b5beea\"><style>.stk-8b5beea .stk-img-wrapper{aspect-ratio:1\/1 !important;width:80% !important;height:auto !important;}@media screen and (max-width: 1023px){.stk-8b5beea .stk-img-wrapper{height:auto !important;}}@media screen and (max-width: 767px){.stk-8b5beea .stk-img-wrapper{height:auto !important;}}<\/style><figure><span class=\"stk-img-wrapper stk-image--shape-stretch\"><img loading=\"lazy\" decoding=\"async\" class=\"stk-img wp-image-9206\" src=\"https:\/\/www.thetaspirit.hr\/wp-content\/uploads\/2026\/04\/nekaj.jpg\" width=\"600\" height=\"501\" srcset=\"https:\/\/www.thetaspirit.hr\/wp-content\/uploads\/2026\/04\/nekaj.jpg 600w, https:\/\/www.thetaspirit.hr\/wp-content\/uploads\/2026\/04\/nekaj-300x251.jpg 300w, https:\/\/www.thetaspirit.hr\/wp-content\/uploads\/2026\/04\/nekaj-14x12.jpg 14w\" sizes=\"auto, (max-width: 600px) 100vw, 600px\" \/><\/span><\/figure><\/div>\n<\/div><\/div><\/div>\n<\/div><\/div>\n\n\n\n<div class=\"wp-block-stackable-heading stk-block-heading stk-block-heading--v2 stk-block stk-ad8dfce\" id=\"kada-shvatis-da-problem-nije-na-povrsini\" data-block-id=\"ad8dfce\"><style>.stk-ad8dfce .stk-block-heading__text{font-size:25px !important;}@media screen and (max-width: 1023px){.stk-ad8dfce .stk-block-heading__text{font-size:25px !important;}}<\/style><h2 class=\"stk-block-heading__text\">Kada shvati\u0161 da problem nije na povr\u0161ini<\/h2><\/div>\n\n\n\n<div class=\"wp-block-stackable-text stk-block-text stk-block stk-0bc5c07\" data-block-id=\"0bc5c07\"><style>.stk-0bc5c07 .stk-block-text__text{font-size:19px !important;}@media screen and (max-width: 1023px){.stk-0bc5c07 .stk-block-text__text{font-size:19px !important;}}<\/style><p class=\"stk-block-text__text\">Duboko u sebi osje\u0107ala sam da postoji ne\u0161to \u0161to me ko\u010di.<br><br>Ne\u0161to \u0161to ne vidim, ali \u0161to me stalno vra\u0107a na isto mjesto.<br><br>I tada sam po\u010dela razumijevati: ne \u017eivimo iz onoga \u0161to znamo, nego iz onoga \u0161to nosimo u podsvijesti.<\/p><\/div>\n\n\n\n<div class=\"wp-block-stackable-heading stk-block-heading stk-block-heading--v2 stk-block stk-531c1b1\" id=\"susret-s-theta-healingom\" data-block-id=\"531c1b1\"><style>.stk-531c1b1 .stk-block-heading__text{font-size:25px !important;}@media screen and (max-width: 1023px){.stk-531c1b1 .stk-block-heading__text{font-size:25px !important;}}<\/style><h2 class=\"stk-block-heading__text\">Susret s ThetaHealingom<\/h2><\/div>\n\n\n\n<div class=\"wp-block-stackable-text stk-block-text stk-block stk-ee0ce61\" data-block-id=\"ee0ce61\"><style>.stk-ee0ce61 .stk-block-text__text{font-size:19px !important;}@media screen and (max-width: 1023px){.stk-ee0ce61 .stk-block-text__text{font-size:19px !important;}}<\/style><p class=\"stk-block-text__text\">Kada je ThetaHealing do\u0161ao u moj \u017eivot, nisam ni slutila koliko \u0107e me dotaknuti.<br><br>Nakon Naprednog te\u010daja dogodilo se ne\u0161to neo\u010dekivano:<br>\u2022\tmoj biv\u0161i mu\u017e se promijenio<br>\u2022\tnapadi su prestali<br><br>Tada sam prvi put pomislila: <strong>\u201cOvo stvarno djeluje.\u201d<\/strong><\/p><\/div>\n\n\n\n<div class=\"wp-block-stackable-heading stk-block-heading stk-block-heading--v2 stk-block stk-510c502\" id=\"kako-se-zivot-poceo-mijenjati\" data-block-id=\"510c502\"><style>.stk-510c502 .stk-block-heading__text{font-size:25px !important;}@media screen and (max-width: 1023px){.stk-510c502 .stk-block-heading__text{font-size:25px !important;}}<\/style><h2 class=\"stk-block-heading__text\">Kako se \u017eivot po\u010deo mijenjati<\/h2><\/div>\n\n\n\n<div class=\"wp-block-stackable-text stk-block-text stk-block stk-6f7655e\" data-block-id=\"6f7655e\"><style>.stk-6f7655e .stk-block-text__text{font-size:19px !important;}@media screen and (max-width: 1023px){.stk-6f7655e .stk-block-text__text{font-size:19px !important;}}<\/style><p class=\"stk-block-text__text\">Kako sam se ja mijenjala, mijenjao se i moj \u017eivot.<br><br><strong>Promjene u odnosima<\/strong>: Moj sin se smirio.<br><br><strong>Promjene u financijama<\/strong>: Financije su se po\u010dele popravljati.<br><br><strong>Nove prilike<\/strong>: Otvorile su se nove prilike. A onda je do\u0161ao i poziv za u\u010diteljski te\u010daj u Meksiku.<\/p><\/div>\n\n\n\n<div class=\"wp-block-stackable-heading stk-block-heading stk-block-heading--v2 stk-block stk-29d78fa\" id=\"najveca-promjena-dogodila-se-iznutra\" data-block-id=\"29d78fa\"><style>.stk-29d78fa .stk-block-heading__text{font-size:25px !important;}@media screen and (max-width: 1023px){.stk-29d78fa .stk-block-heading__text{font-size:25px !important;}}<\/style><h2 class=\"stk-block-heading__text\">Najve\u0107a promjena dogodila se iznutra<\/h2><\/div>\n\n\n\n<div class=\"wp-block-stackable-columns stk-block-columns stk-block stk-c95f235\" data-block-id=\"c95f235\"><style>.stk-c95f235 .stk--block-align-c95f235{align-items:center !important;}.stk-c95f235 {margin-top:var(--stk--preset--spacing--70, 3.38rem) !important;margin-bottom:var(--stk--preset--spacing--70, 3.38rem) !important;}<\/style><div class=\"stk-row stk-inner-blocks stk--block-align-c95f235 stk-block-content stk-content-align stk-c95f235-column\">\n<div class=\"wp-block-stackable-column stk-block-column stk-column stk-block stk-25fbcec\" data-v=\"4\" data-block-id=\"25fbcec\"><div class=\"stk-column-wrapper stk-block-column__content stk-container stk-25fbcec-container stk--no-background stk--no-padding\"><div class=\"stk-block-content stk-inner-blocks stk-25fbcec-inner-blocks\">\n<div class=\"wp-block-stackable-text stk-block-text stk-block stk-9802554\" data-block-id=\"9802554\"><style>.stk-9802554 .stk-block-text__text{font-size:19px !important;}@media screen and (max-width: 1023px){.stk-9802554 .stk-block-text__text{font-size:19px !important;}}<\/style><p class=\"stk-block-text__text\"><strong>Unutarnja promjena<br><\/strong><br>Nestala je krivnja.<br><br>Nestao je osje\u0107aj manje vrijednosti.<br><br>Po\u010dela sam vjerovati sebi.<br><br><strong>Kako se danas osje\u0107am<br><\/strong><br>Danas osje\u0107am:<br>\u2022\tvi\u0161e mira <br>\u2022\tvi\u0161e jasno\u0107e <br>\u2022\tvi\u0161e povezanosti sa sobom<br><br>Ne zna\u010di da je \u017eivot savr\u0161en.<br><br>Ali zna\u010di da ga \u017eivim iz druga\u010dijeg mjesta.<br>\u2022\tiz svjesnosti<br>\u2022\tiz povjerenja<\/p><\/div>\n<\/div><\/div><\/div>\n\n\n\n<div class=\"wp-block-stackable-column stk-block-column stk-column stk-block stk-173fe8d\" data-v=\"4\" data-block-id=\"173fe8d\"><div class=\"stk-column-wrapper stk-block-column__content stk-container stk-173fe8d-container stk--no-background stk--no-padding\"><div class=\"has-text-align-center stk-block-content stk-inner-blocks stk-173fe8d-inner-blocks\">\n<div class=\"wp-block-stackable-image stk-block-image stk-block stk-34c4f35\" data-block-id=\"34c4f35\"><style>.stk-34c4f35 .stk-img-wrapper{aspect-ratio:1\/1 !important;width:80% !important;height:auto !important;}@media screen and (max-width: 1023px){.stk-34c4f35 .stk-img-wrapper{height:auto !important;}}@media screen and (max-width: 767px){.stk-34c4f35 .stk-img-wrapper{height:auto !important;}}<\/style><figure><span class=\"stk-img-wrapper stk-image--shape-stretch\"><img loading=\"lazy\" decoding=\"async\" class=\"stk-img wp-image-9205\" src=\"https:\/\/www.thetaspirit.hr\/wp-content\/uploads\/2026\/04\/lkj.jpg\" width=\"600\" height=\"503\" srcset=\"https:\/\/www.thetaspirit.hr\/wp-content\/uploads\/2026\/04\/lkj.jpg 600w, https:\/\/www.thetaspirit.hr\/wp-content\/uploads\/2026\/04\/lkj-300x252.jpg 300w, https:\/\/www.thetaspirit.hr\/wp-content\/uploads\/2026\/04\/lkj-14x12.jpg 14w\" sizes=\"auto, (max-width: 600px) 100vw, 600px\" \/><\/span><\/figure><\/div>\n<\/div><\/div><\/div>\n<\/div><\/div>\n\n\n\n<div class=\"wp-block-stackable-heading stk-block-heading stk-block-heading--v2 stk-block stk-59b9c98\" id=\"theta-healing-za-mene-nije-samo-tehnika\" data-block-id=\"59b9c98\"><style>.stk-59b9c98 .stk-block-heading__text{font-size:25px !important;}@media screen and (max-width: 1023px){.stk-59b9c98 .stk-block-heading__text{font-size:25px !important;}}<\/style><h2 class=\"stk-block-heading__text\">ThetaHealing za mene nije samo tehnika<\/h2><\/div>\n\n\n\n<div class=\"wp-block-stackable-text stk-block-text stk-block stk-b750c8c\" data-block-id=\"b750c8c\"><style>.stk-b750c8c .stk-block-text__text{font-size:19px !important;}@media screen and (max-width: 1023px){.stk-b750c8c .stk-block-text__text{font-size:19px !important;}}<\/style><p class=\"stk-block-text__text\">To je put.<br><br>Put vra\u0107anja sebi.<br><br>Put promjene iznutra.<\/p><\/div>\n\n\n\n<div class=\"wp-block-stackable-heading stk-block-heading stk-block-heading--v2 stk-block stk-4c8a0e8\" id=\"mozda-je-ovo-i-tvoj-trenutak\" data-block-id=\"4c8a0e8\"><style>.stk-4c8a0e8 .stk-block-heading__text{font-size:25px !important;}@media screen and (max-width: 1023px){.stk-4c8a0e8 .stk-block-heading__text{font-size:25px !important;}}<\/style><h2 class=\"stk-block-heading__text\">Mo\u017eda je ovo i tvoj trenutak<\/h2><\/div>\n\n\n\n<div class=\"wp-block-stackable-text stk-block-text stk-block stk-7b1f943\" data-block-id=\"7b1f943\"><style>.stk-7b1f943 .stk-block-text__text{font-size:19px !important;}@media screen and (max-width: 1023px){.stk-7b1f943 .stk-block-text__text{font-size:19px !important;}}<\/style><p class=\"stk-block-text__text\">Ako osje\u0107a\u0161 da mora postojati ne\u0161to vi\u0161e, nisi sama.<br><br>Mo\u017eda je ovo tvoj znak da krene\u0161.<br><br><a href=\"https:\/\/www.thetaspirit.hr\/en\/o-thetahealingu\/\" target=\"_blank\" rel=\"noreferrer noopener\"><span style=\"color: var(--ast-global-color-0);\" class=\"stk-highlight\"><strong>LEARN MORE<\/strong><\/span><\/a><strong><span style=\"color: var(--ast-global-color-0);\" class=\"stk-highlight\"><br><\/span><\/strong><br><strong><span style=\"color: var(--ast-global-color-0);\" class=\"stk-highlight\"><a href=\"https:\/\/www.thetaspirit.hr\/en\/thetahealing-tecajevi\/\" target=\"_blank\" rel=\"noreferrer noopener\">Pogledaj te\u010dajeve<br><\/a><\/span><\/strong><br>Iscjeljenje po\u010dinje onog trenutka kada sebi da\u0161 priliku.<\/p><\/div>\n\n\n\n<p><\/p>","protected":false},"excerpt":{"rendered":"<p>Osje\u0107ala sam da vi\u0161e ne mogu dalje na isti na\u010din. Unato\u010d svemu \u0161to sam radila na sebi, ni\u0161ta se nije konkretno mijenjalo. I to me najvi\u0161e boljelo. Financije su bile lo\u0161e. Osje\u0107ala sam se sama s dvoje djece. Bila sam iscrpljena, umorna i izgubljena. U isto vrijeme, dobivala sam verbalne napade od biv\u0161eg mu\u017ea. U [&hellip;]<\/p>\n","protected":false},"author":1,"featured_media":0,"parent":0,"menu_order":0,"comment_status":"closed","ping_status":"closed","template":"","meta":{"site-sidebar-layout":"default","site-content-layout":"","ast-site-content-layout":"default","site-content-style":"default","site-sidebar-style":"default","ast-global-header-display":"","ast-banner-title-visibility":"","ast-main-header-display":"","ast-hfb-above-header-display":"","ast-hfb-below-header-display":"","ast-hfb-mobile-header-display":"","site-post-title":"","ast-breadcrumbs-content":"","ast-featured-img":"","footer-sml-layout":"","ast-disable-related-posts":"","theme-transparent-header-meta":"","adv-header-id-meta":"","stick-header-meta":"","header-above-stick-meta":"","header-main-stick-meta":"","header-below-stick-meta":"","astra-migrate-meta-layouts":"set","ast-page-background-enabled":"default","ast-page-background-meta":{"desktop":{"background-color":"","background-image":"","background-repeat":"repeat","background-position":"center center","background-size":"auto","background-attachment":"scroll","background-type":"","background-media":"","overlay-type":"","overlay-color":"","overlay-opacity":"","overlay-gradient":""},"tablet":{"background-color":"","background-image":"","background-repeat":"repeat","background-position":"center center","background-size":"auto","background-attachment":"scroll","background-type":"","background-media":"","overlay-type":"","overlay-color":"","overlay-opacity":"","overlay-gradient":""},"mobile":{"background-color":"","background-image":"","background-repeat":"repeat","background-position":"center center","background-size":"auto","background-attachment":"scroll","background-type":"","background-media":"","overlay-type":"","overlay-color":"","overlay-opacity":"","overlay-gradient":""}},"ast-content-background-meta":{"desktop":{"background-color":"var(--ast-global-color-5)","background-image":"","background-repeat":"repeat","background-position":"center center","background-size":"auto","background-attachment":"scroll","background-type":"","background-media":"","overlay-type":"","overlay-color":"","overlay-opacity":"","overlay-gradient":""},"tablet":{"background-color":"var(--ast-global-color-5)","background-image":"","background-repeat":"repeat","background-position":"center center","background-size":"auto","background-attachment":"scroll","background-type":"","background-media":"","overlay-type":"","overlay-color":"","overlay-opacity":"","overlay-gradient":""},"mobile":{"background-color":"var(--ast-global-color-5)","background-image":"","background-repeat":"repeat","background-position":"center center","background-size":"auto","background-attachment":"scroll","background-type":"","background-media":"","overlay-type":"","overlay-color":"","overlay-opacity":"","overlay-gradient":""}},"footnotes":""},"class_list":["post-9076","page","type-page","status-publish","hentry"],"_links":{"self":[{"href":"https:\/\/www.thetaspirit.hr\/en\/wp-json\/wp\/v2\/pages\/9076","targetHints":{"allow":["GET"]}}],"collection":[{"href":"https:\/\/www.thetaspirit.hr\/en\/wp-json\/wp\/v2\/pages"}],"about":[{"href":"https:\/\/www.thetaspirit.hr\/en\/wp-json\/wp\/v2\/types\/page"}],"author":[{"embeddable":true,"href":"https:\/\/www.thetaspirit.hr\/en\/wp-json\/wp\/v2\/users\/1"}],"replies":[{"embeddable":true,"href":"https:\/\/www.thetaspirit.hr\/en\/wp-json\/wp\/v2\/comments?post=9076"}],"version-history":[{"count":20,"href":"https:\/\/www.thetaspirit.hr\/en\/wp-json\/wp\/v2\/pages\/9076\/revisions"}],"predecessor-version":[{"id":9210,"href":"https:\/\/www.thetaspirit.hr\/en\/wp-json\/wp\/v2\/pages\/9076\/revisions\/9210"}],"wp:attachment":[{"href":"https:\/\/www.thetaspirit.hr\/en\/wp-json\/wp\/v2\/media?parent=9076"}],"curies":[{"name":"wp","href":"https:\/\/api.w.org\/{rel}","templated":true}]}}