{"id":9052,"date":"2026-04-14T08:08:29","date_gmt":"2026-04-14T08:08:29","guid":{"rendered":"https:\/\/www.thetaspirit.hr\/?page_id=9052"},"modified":"2026-04-23T06:12:53","modified_gmt":"2026-04-23T06:12:53","slug":"blog","status":"publish","type":"page","link":"https:\/\/www.thetaspirit.hr\/en\/blog\/","title":{"rendered":"Blog"},"content":{"rendered":"<div class=\"wp-block-stackable-hero alignfull stk-block-hero stk-has-bottom-separator stk-block stk-c10c788 stk-block-background stk--has-background-overlay\" data-v=\"2\" data-block-id=\"c10c788\"><style>.stk-c10c788 {background-image:url(https:\/\/www.thetaspirit.hr\/wp-content\/uploads\/2024\/04\/banneri-2.jpg) !important;min-height:646px !important;align-items:center !important;display:flex !important;}.stk-c10c788 .stk-block-hero__content{min-height:0px !important;align-items:center !important;display:flex !important;}<\/style><div class=\"stk-block-hero__content stk-content-align stk-c10c788-column alignwide stk-container stk-c10c788-container stk--no-background stk--no-padding\"><div class=\"stk-block-content stk-inner-blocks has-text-align-center stk-c10c788-inner-blocks\">\n<div class=\"wp-block-stackable-heading stk-block-heading stk-block-heading--v2 stk-block stk-48c440d\" id=\"dobrodosli-na-br-theta-spirit-blog\" data-block-id=\"48c440d\"><style>.stk-48c440d .stk-block-heading__top-line{background-color:#FFFFFF !important;margin-left:auto !important;margin-right:auto !important;}.stk-48c440d .stk-block-heading__bottom-line{background-color:#FFFFFF !important;margin-left:auto !important;margin-right:auto !important;}.stk-48c440d .stk-block-heading__text{font-size:64px !important;color:#FFFFFF !important;line-height:1.8em !important;font-weight:600 !important;text-transform:none !important;font-family:\"Lora\", Sans-serif !important;}@media screen and (max-width: 1023px){.stk-48c440d .stk-block-heading__text{font-size:50px !important;}}<\/style><h1 class=\"stk-block-heading__text has-text-color has-text-align-center\">Dobrodo\u0161li na <br>ThetaSpirit blog<\/h1><\/div>\n<\/div><\/div><div class=\"stk-separator stk-separator__bottom\"><div class=\"stk-separator__wrapper\"><svg xmlns=\"http:\/\/www.w3.org\/2000\/svg\" viewbox=\"0 0 1600 200\" class=\"stk-separator__layer-1\" preserveaspectratio=\"none\" aria-hidden=\"true\"><path class=\"curve-3_svg__st1\" d=\"M-6.7 13.4S456 171.1 876.1 171.1 1606.4 16 1606.4 16v192.6H-6.7V13.4z\"><\/path><\/svg><\/div><\/div><\/div>\n\n\n\n<p><\/p>\n\n\n\n<div class=\"wp-block-stackable-columns alignwide stk-block-columns stk-block stk-69cf067\" data-block-id=\"69cf067\"><style>.stk-69cf067 {margin-top:var(--stk--preset--spacing--70, 3.38rem) !important;margin-bottom:var(--stk--preset--spacing--70, 3.38rem) !important;}.stk-69cf067-column{flex-wrap:wrap !important;--stk-flex-grow:0 !important;}<\/style><div class=\"stk-row stk-inner-blocks stk-block-content stk-content-align stk-69cf067-column alignwide\">\n<div class=\"wp-block-stackable-column stk-block-column stk-column stk-block stk-09e0af0\" data-v=\"4\" data-block-id=\"09e0af0\"><style>@media screen and (min-width: 768px){.stk-09e0af0 {flex:var(--stk-flex-grow, 1) 1 calc(100% - var(--stk-column-gap, 0px) * 0 \/ 1 ) !important;}}<\/style><div class=\"stk-column-wrapper stk-block-column__content stk-container stk-09e0af0-container stk--no-background stk--no-padding\"><div class=\"stk-block-content stk-inner-blocks stk-09e0af0-inner-blocks\">\n<div class=\"wp-block-stackable-heading stk-block-heading stk-block-heading--v2 stk-block stk-6b928d6\" id=\"heading-placeholder\" data-block-id=\"6b928d6\"><h2 class=\"stk-block-heading__text\">ThetaHealing iskustvo: Kako sam promijenila \u017eivot iznutra<\/h2><\/div>\n\n\n\n<div class=\"wp-block-stackable-text stk-block-text stk-block stk-7902a33\" data-block-id=\"7902a33\"><style>.stk-7902a33 .stk-block-text__text{font-size:19px !important;}@media screen and (max-width: 1023px){.stk-7902a33 .stk-block-text__text{font-size:19px !important;}}<\/style><p class=\"stk-block-text__text\">Osje\u0107ala sam da vi\u0161e ne mogu dalje na isti na\u010din. Unato\u010d svemu \u0161to sam radila na sebi, ni\u0161ta se nije konkretno mijenjalo. I to me najvi\u0161e boljelo.<\/p><\/div>\n<\/div><\/div><\/div>\n\n\n\n<div class=\"wp-block-stackable-column stk-block-column stk-column stk-block stk-94afffb\" data-v=\"4\" data-block-id=\"94afffb\"><style>@media screen and (min-width: 768px){.stk-94afffb {flex:var(--stk-flex-grow, 1) 1 calc(100% - var(--stk-column-gap, 0px) * 0 \/ 1 ) !important;}}@media screen and (min-width: 768px) and (max-width: 1023px){.stk-94afffb {flex:var(--stk-flex-grow, 1) 1 calc(100% - var(--stk-column-gap, 0px) * 1 \/ 2 ) !important;}}<\/style><div class=\"stk-column-wrapper stk-block-column__content stk-container stk-94afffb-container stk--no-background stk--no-padding\"><div class=\"stk-block-content stk-inner-blocks stk-94afffb-inner-blocks\">\n<div class=\"wp-block-stackable-image stk-block-image has-text-align-left stk-block stk-80d57b9\" data-block-id=\"80d57b9\"><style>.stk-80d57b9 .stk-img-wrapper{width:20% !important;}<\/style><figure><span class=\"stk-img-wrapper stk-image--shape-stretch\"><img loading=\"lazy\" decoding=\"async\" class=\"stk-img wp-image-9207\" src=\"https:\/\/www.thetaspirit.hr\/wp-content\/uploads\/2026\/04\/Picture1.jpg\" width=\"600\" height=\"502\" srcset=\"https:\/\/www.thetaspirit.hr\/wp-content\/uploads\/2026\/04\/Picture1.jpg 600w, https:\/\/www.thetaspirit.hr\/wp-content\/uploads\/2026\/04\/Picture1-300x251.jpg 300w, https:\/\/www.thetaspirit.hr\/wp-content\/uploads\/2026\/04\/Picture1-14x12.jpg 14w\" sizes=\"auto, (max-width: 600px) 100vw, 600px\" \/><\/span><\/figure><\/div>\n\n\n\n<div class=\"wp-block-stackable-button-group stk-block-button-group stk-block stk-86f9f9a\" data-block-id=\"86f9f9a\"><div class=\"stk-row stk-inner-blocks stk-block-content stk-button-group\">\n<div class=\"wp-block-stackable-button stk-block-button stk-block stk-22f8794\" data-block-id=\"22f8794\"><style>.stk-22f8794 .stk-button{padding-top:15px !important;padding-right:30px !important;padding-bottom:15px !important;padding-left:30px !important;background:var(--ast-global-color-0) !important;border-top-left-radius:50px !important;border-top-right-radius:50px !important;border-bottom-right-radius:50px !important;border-bottom-left-radius:50px !important;}.stk-22f8794 .stk-button__inner-text{font-size:19px !important;}@media screen and (max-width: 1023px){.stk-22f8794 .stk-button__inner-text{font-size:19px !important;}}<\/style><a class=\"stk-link stk-button stk--hover-effect-lift-scale\" href=\"https:\/\/www.thetaspirit.hr\/en\/blog-thetahealing-iskustvo\/\" target=\"_blank\" rel=\"noreferrer noopener\"><span class=\"stk-button__inner-text\">Pro\u010ditaj \u010dlanak<\/span><\/a><\/div>\n<\/div><\/div>\n<\/div><\/div><\/div>\n<\/div><\/div>\n\n\n\n<div class=\"wp-block-stackable-columns alignwide stk-block-columns stk-block stk-0b78953\" data-block-id=\"0b78953\"><style>.stk-0b78953 {margin-top:var(--stk--preset--spacing--70, 3.38rem) !important;margin-bottom:var(--stk--preset--spacing--70, 3.38rem) !important;}.stk-0b78953-column{flex-wrap:wrap !important;--stk-flex-grow:0 !important;}<\/style><div class=\"stk-row stk-inner-blocks stk-block-content stk-content-align stk-0b78953-column alignwide\">\n<div class=\"wp-block-stackable-column stk-block-column stk-column stk-block stk-1cff666\" data-v=\"4\" data-block-id=\"1cff666\"><style>@media screen and (min-width: 768px){.stk-1cff666 {flex:var(--stk-flex-grow, 1) 1 calc(100% - var(--stk-column-gap, 0px) * 0 \/ 1 ) !important;}}<\/style><div class=\"stk-column-wrapper stk-block-column__content stk-container stk-1cff666-container stk--no-background stk--no-padding\"><div class=\"stk-block-content stk-inner-blocks stk-1cff666-inner-blocks\">\n<div class=\"wp-block-stackable-heading stk-block-heading stk-block-heading--v2 stk-block stk-f863045\" id=\"heading-placeholder\" data-block-id=\"f863045\"><h2 class=\"stk-block-heading__text\">Pustiti kontrolu i promijeniti \u017eivot \u2013 osobni put Slavena Kolareca<\/h2><\/div>\n\n\n\n<div class=\"wp-block-stackable-text stk-block-text stk-block stk-c7dfdaf\" data-block-id=\"c7dfdaf\"><style>.stk-c7dfdaf .stk-block-text__text{font-size:19px !important;}@media screen and (max-width: 1023px){.stk-c7dfdaf .stk-block-text__text{font-size:19px !important;}}<\/style><p class=\"stk-block-text__text\">\u0160to se doga\u0111a kada pusti\u0161 kontrolu? Kroz osobno iskustvo gubitka, preispitivanja i transformacije, dijelim kako pu\u0161tanje postaje klju\u010d unutarnje slobode i stvarne promjene \u017eivota. <\/p><\/div>\n<\/div><\/div><\/div>\n\n\n\n<div class=\"wp-block-stackable-column stk-block-column stk-column stk-block stk-2415408\" data-v=\"4\" data-block-id=\"2415408\"><style>@media screen and (min-width: 768px){.stk-2415408 {flex:var(--stk-flex-grow, 1) 1 calc(100% - var(--stk-column-gap, 0px) * 0 \/ 1 ) !important;}}@media screen and (min-width: 768px) and (max-width: 1023px){.stk-2415408 {flex:var(--stk-flex-grow, 1) 1 calc(100% - var(--stk-column-gap, 0px) * 1 \/ 2 ) !important;}}<\/style><div class=\"stk-column-wrapper stk-block-column__content stk-container stk-2415408-container stk--no-background stk--no-padding\"><div class=\"stk-block-content stk-inner-blocks stk-2415408-inner-blocks\">\n<div class=\"wp-block-stackable-image stk-block-image has-text-align-left stk-block stk-7c58d6d\" data-block-id=\"7c58d6d\"><style>.stk-7c58d6d .stk-img-wrapper{width:20% !important;}<\/style><figure><span class=\"stk-img-wrapper stk-image--shape-stretch\"><img loading=\"lazy\" decoding=\"async\" class=\"stk-img wp-image-9211\" src=\"https:\/\/www.thetaspirit.hr\/wp-content\/uploads\/2026\/04\/sirenje-2.jpg\" width=\"600\" height=\"505\" srcset=\"https:\/\/www.thetaspirit.hr\/wp-content\/uploads\/2026\/04\/sirenje-2.jpg 600w, https:\/\/www.thetaspirit.hr\/wp-content\/uploads\/2026\/04\/sirenje-2-300x253.jpg 300w, https:\/\/www.thetaspirit.hr\/wp-content\/uploads\/2026\/04\/sirenje-2-14x12.jpg 14w\" sizes=\"auto, (max-width: 600px) 100vw, 600px\" \/><\/span><\/figure><\/div>\n\n\n\n<div class=\"wp-block-stackable-button-group stk-block-button-group stk-block stk-2593e02\" data-block-id=\"2593e02\"><div class=\"stk-row stk-inner-blocks stk-block-content stk-button-group\">\n<div class=\"wp-block-stackable-button stk-block-button stk-block stk-289e923\" data-block-id=\"289e923\"><style>.stk-289e923 .stk-button{padding-top:15px !important;padding-right:30px !important;padding-bottom:15px !important;padding-left:30px !important;background:var(--ast-global-color-0) !important;border-top-left-radius:50px !important;border-top-right-radius:50px !important;border-bottom-right-radius:50px !important;border-bottom-left-radius:50px !important;}.stk-289e923 .stk-button__inner-text{font-size:19px !important;}@media screen and (max-width: 1023px){.stk-289e923 .stk-button__inner-text{font-size:19px !important;}}<\/style><a class=\"stk-link stk-button stk--hover-effect-lift-scale\" href=\"https:\/\/www.thetaspirit.hr\/en\/blog-pustiti-kontrolu\/\" target=\"_blank\" rel=\"noreferrer noopener\"><span class=\"stk-button__inner-text\">Pro\u010ditaj \u010dlanak<\/span><\/a><\/div>\n<\/div><\/div>\n<\/div><\/div><\/div>\n<\/div><\/div>\n\n\n\n<p><\/p>","protected":false},"excerpt":{"rendered":"<p>Dobrodo\u0161li na ThetaSpirit blog ThetaHealing iskustvo: Kako sam promijenila \u017eivot iznutra Osje\u0107ala sam da vi\u0161e ne mogu dalje na isti na\u010din. Unato\u010d svemu \u0161to sam radila na sebi, ni\u0161ta se nije konkretno mijenjalo. I to me najvi\u0161e boljelo. Pro\u010ditaj \u010dlanak Pustiti kontrolu i promijeniti \u017eivot \u2013 osobni put Slavena Kolareca \u0160to se doga\u0111a kada pusti\u0161 [&hellip;]<\/p>\n","protected":false},"author":1,"featured_media":0,"parent":0,"menu_order":0,"comment_status":"closed","ping_status":"closed","template":"","meta":{"site-sidebar-layout":"default","site-content-layout":"","ast-site-content-layout":"default","site-content-style":"default","site-sidebar-style":"default","ast-global-header-display":"","ast-banner-title-visibility":"","ast-main-header-display":"","ast-hfb-above-header-display":"","ast-hfb-below-header-display":"","ast-hfb-mobile-header-display":"","site-post-title":"disabled","ast-breadcrumbs-content":"","ast-featured-img":"","footer-sml-layout":"","ast-disable-related-posts":"","theme-transparent-header-meta":"","adv-header-id-meta":"","stick-header-meta":"","header-above-stick-meta":"","header-main-stick-meta":"","header-below-stick-meta":"","astra-migrate-meta-layouts":"set","ast-page-background-enabled":"default","ast-page-background-meta":{"desktop":{"background-color":"","background-image":"","background-repeat":"repeat","background-position":"center center","background-size":"auto","background-attachment":"scroll","background-type":"","background-media":"","overlay-type":"","overlay-color":"","overlay-opacity":"","overlay-gradient":""},"tablet":{"background-color":"","background-image":"","background-repeat":"repeat","background-position":"center center","background-size":"auto","background-attachment":"scroll","background-type":"","background-media":"","overlay-type":"","overlay-color":"","overlay-opacity":"","overlay-gradient":""},"mobile":{"background-color":"","background-image":"","background-repeat":"repeat","background-position":"center center","background-size":"auto","background-attachment":"scroll","background-type":"","background-media":"","overlay-type":"","overlay-color":"","overlay-opacity":"","overlay-gradient":""}},"ast-content-background-meta":{"desktop":{"background-color":"var(--ast-global-color-5)","background-image":"","background-repeat":"repeat","background-position":"center center","background-size":"auto","background-attachment":"scroll","background-type":"","background-media":"","overlay-type":"","overlay-color":"","overlay-opacity":"","overlay-gradient":""},"tablet":{"background-color":"var(--ast-global-color-5)","background-image":"","background-repeat":"repeat","background-position":"center center","background-size":"auto","background-attachment":"scroll","background-type":"","background-media":"","overlay-type":"","overlay-color":"","overlay-opacity":"","overlay-gradient":""},"mobile":{"background-color":"var(--ast-global-color-5)","background-image":"","background-repeat":"repeat","background-position":"center center","background-size":"auto","background-attachment":"scroll","background-type":"","background-media":"","overlay-type":"","overlay-color":"","overlay-opacity":"","overlay-gradient":""}},"footnotes":""},"class_list":["post-9052","page","type-page","status-publish","hentry"],"_links":{"self":[{"href":"https:\/\/www.thetaspirit.hr\/en\/wp-json\/wp\/v2\/pages\/9052","targetHints":{"allow":["GET"]}}],"collection":[{"href":"https:\/\/www.thetaspirit.hr\/en\/wp-json\/wp\/v2\/pages"}],"about":[{"href":"https:\/\/www.thetaspirit.hr\/en\/wp-json\/wp\/v2\/types\/page"}],"author":[{"embeddable":true,"href":"https:\/\/www.thetaspirit.hr\/en\/wp-json\/wp\/v2\/users\/1"}],"replies":[{"embeddable":true,"href":"https:\/\/www.thetaspirit.hr\/en\/wp-json\/wp\/v2\/comments?post=9052"}],"version-history":[{"count":18,"href":"https:\/\/www.thetaspirit.hr\/en\/wp-json\/wp\/v2\/pages\/9052\/revisions"}],"predecessor-version":[{"id":9216,"href":"https:\/\/www.thetaspirit.hr\/en\/wp-json\/wp\/v2\/pages\/9052\/revisions\/9216"}],"wp:attachment":[{"href":"https:\/\/www.thetaspirit.hr\/en\/wp-json\/wp\/v2\/media?parent=9052"}],"curies":[{"name":"wp","href":"https:\/\/api.w.org\/{rel}","templated":true}]}}