{"id":5792,"date":"2024-04-05T14:47:11","date_gmt":"2024-04-05T14:47:11","guid":{"rendered":"https:\/\/www.thetaspirit.hr\/?page_id=5792"},"modified":"2024-04-05T15:07:02","modified_gmt":"2024-04-05T15:07:02","slug":"pravila-o-koristenju-kolacica","status":"publish","type":"page","link":"https:\/\/www.thetaspirit.hr\/en\/pravila-o-koristenju-kolacica\/","title":{"rendered":"Cookie policy"},"content":{"rendered":"<p>\u0160TO SU KOLA\u010cI\u0106I, KAKO RADE I \u010cEMU SVE MOGU POSLU\u017dITI?<\/p>\n\n\n\n<p>Pojednostavljeno, kola\u010di\u0107i su informacije spremljene na va\u0161em ra\u010dunalu (a spremaju ih web-stranice koje posje\u0107ujete).<br>Kola\u010di\u0107i obi\u010dno sadr\u017ee neke va\u0161e postavke (postavke internet preglednika, poput preferiranog jezika ili adrese). Kasnije, kada opet otvorite istu web-stranicu, va\u0161 internetski preglednik \u0161alje natrag kola\u010di\u0107e koji pripadaju toj stranici. Na taj na\u010din web stranica je u mogu\u0107nosti obra\u0111ivati i prikazivati informacije prilago\u0111ene va\u0161im potrebama i navikama.<br>Kola\u010di\u0107i mogu spremati \u0161irok opseg informacija, uklju\u010duju\u0107i osobne informacije (poput va\u0161eg imena ili e-mail adrese). Ipak, takva informacija mo\u017ee biti spremljena jedino ako vi to omogu\u0107ite \u2013 web-stranice ne mogu dobiti pristup informacijama koji im vi niste dali i nisu u mogu\u0107nosti samostalno pristupati drugim datotekama na va\u0161em ra\u010dunalu.<br>Na pouzdanim web-mjestima kola\u010di\u0107i mogu pobolj\u0161ati va\u0161e iskustvo jer omogu\u0107uju pam\u0107enje va\u0161ih \u017eelja i potreba te preskakanje prijave prilikom svakog posjeta. No neki kola\u010di\u0107i, poput onih koje spremaju reklame, mogu va\u0161u privatnost izlo\u017eiti riziku pra\u0107enjem mjesta koja posje\u0107ujete.<br>Zadane aktivnosti spremanja i slanja kola\u010di\u0107a nisu direktno vidljive. Ipak, u mogu\u0107nosti ste promijeniti postavke svog internetskog preglednika tako da sami birate ho\u0107ete li odobriti ili odbiti pojedina\u010dne zahtjeve za spremanje kola\u010di\u0107a. U mogu\u0107nosti ste i uklju\u010diti automatsko brisanje svih spremljenih kola\u010di\u0107a prilikom zatvaranja svog internetskog preglednika.<br>Odluka o tome koje \u0107e se informacije (i na koji na\u010din) spremati u va\u0161im je rukama.<\/p>\n\n\n\n<p>VRSTE KOLA\u010cI\u0106A<br>Privremeni kola\u010di\u0107i ili kola\u010di\u0107i sesije<br>Uklanjaju se s ra\u010dunala nakon zatvaranja va\u0161eg internetskog preglednika. Pomo\u0107u njih web-mjesta pohranjuju privremene podatke, poput stavki u ko\u0161arici za kupnju.<br>Stalni (spremljeni) kola\u010di\u0107i<br>Ostaju na ra\u010dunalu nakon zatvaranja va\u0161eg internetskog preglednika. Pomo\u0107u njih web-mjesta pohranjuju podatke, kao \u0161to su ime za prijavu i\/ili lozinka, pa se ne morate prijavljivati prilikom svakog posjeta odre\u0111enom mjestu. Stalni kola\u010di\u0107i mogu na ra\u010dunalu ostati spremljeni danima, mjesecima, pa \u010dak i godinama.<\/p>\n\n\n\n<p>Kola\u010di\u0107i prve strane<br>Dolaze s web-mjesta koje gledate, a mogu biti stalni ili privremeni. Pomo\u0107u tih kola\u010di\u0107a web-mjesta mogu pohraniti podatke koje \u0107e ponovno koristiti prilikom sljede\u0107eg posjeta tom web-mjestu.<br>Kola\u010di\u0107i tre\u0107e strane<br>Dolaze putem reklama i drugih web-mjesta (tre\u0107ih strana), \u010diji se k\u00f4d obi\u010dno poziva na web-mjestu koje gledate. Pomo\u0107u tih kola\u010di\u0107a web-mjesta mogu pratiti kori\u0161tenje interneta u marketin\u0161ke svrhe.<\/p>\n\n\n\n<p>U KOJE SVRHU KORISTIMO KOLA\u010cI\u0106E?<br>Radi pru\u017eanja boljeg korisni\u010dkog iskustva<br>Za pra\u0107enje i analizu kori\u0161tenja i posje\u0107enosti na\u0161ih web-mjesta<br>Za prikazivanje oglasa<br>Za ispravan rad stranica (u slu\u010dajevima kada je to neophodno)<br>Kola\u010di\u0107i nam poma\u017eu pri gore navedenom i u njih nikada ne pohranjujemo va\u0161e osobne podatke.<br>Ve\u0107ina web stranica koristi takvu ili sli\u010dnu praksu, a prema regulativi Europske unije od 25. 3. 2011. obvezni smo prije spremanja tih podataka zatra\u017eiti va\u0161 pristanak.<br>Kori\u0161tenjem na\u0161ih web stranica smatra se da pristajete na spremanje kola\u010di\u0107a.<br>Isklju\u010divanjem i\/ili blokiranjem spremanja kola\u010di\u0107a i dalje mo\u017eete pregledavati na\u0161e internetske stranice, no postoji \u0161ansa da vam neke njihove mogu\u0107nosti \/ funkcionalnosti ne\u0107e biti dostupne.<\/p>\n\n\n\n<p>KOLA\u010cI\u0106I TRE\u0106IH STRANA I NJIHOVO ISKLJU\u010cIVANJE<br>Koristimo nekolicinu vanjskih servisa koji mogu spremati kola\u010di\u0107e tre\u0107ih strana:<br>Dru\u0161tvene mre\u017ee<br>Posjetitelji se mogu prijaviti \/ registrirati putem vlastitih ra\u010duna na dru\u0161tvenim mre\u017eama, a i dijeljenje sadr\u017eaja na dru\u0161tvenim mre\u017eama mo\u017ee rezultirati spremanjem kola\u010di\u0107a na ra\u010dunalo posjetitelja.<br>Informacije o pravilima privatnosti i izjavama o povjerljivosti kao i o na\u010dinu na koji oni koriste va\u0161e osobne podatke i ako imate pitanja vezano uz prikupljanje i obradu podataka od strane Facebook-a, YouTubea i\/ili Instagrama ili \u017eelite ostvariti neko od svojih prava zajam\u010denih Op\u0107om uredbom o za\u0161titi mo\u017eete dobiti na sljede\u0107im poveznicama:<\/p>\n\n\n\n<p>ZA FACEBOOK:<br>FACEBOOK IRELAND Ltd., 4 Grand Canal Square, Grand Canal Harbour, Dublin 2, Ireland<br>https:\/\/hr-hr.facebook.com\/policy.php<br>https:\/\/www.facebook.com\/help\/contact\/540977946302970<\/p>\n\n\n\n<p>ZA YOUTUBE:<br>Google Ireland, Ltd., Gordon House Barrow St, Dublin 4, Ireland<br>https:\/\/support.google.com\/youtube\/answer\/2801895?hl=hr<br>https:\/\/policies.google.com\/privacy?hl=hr<br>https:\/\/support.google.com\/policies\/contact\/general_privacy_form<\/p>\n\n\n\n<p>ZA INSTAGRAM:<br>FACEBOOK IRELAND Ltd., 4 Grand Canal Square, Grand Canal Harbour, Dublin 2, Ireland<br>https:\/\/hr-hr.facebook.com\/help\/instagram\/519522125107875<br>https:\/\/hr-hr.facebook.com\/policy.php<br>https:\/\/www.facebook.com\/help\/contact\/540977946302970<\/p>\n\n\n\n<p>Ako niste zadovoljni na\u010dinom na koji se prikupljaju i obra\u0111uju va\u0161i osobni podaci osim obra\u0107anja nadzornim tijelima Facebooka, YouTubea i Instagrama mo\u017eete se obratiti i Agenciji za za\u0161titu osobnih podataka Republike Hrvatske.<\/p>\n\n\n\n<p>Mjerenje kori\u0161tenja \/ posje\u0107enosti<br>Koristimo Google Analytics i Gemius sustave za mjerenje posje\u0107enosti. Ako \u017eelite isklju\u010diti njihovo spremanje kola\u010di\u0107a, to mo\u017eete u\u010diniti na sljede\u0107im linkovima:<br>Google Analytics: https:\/\/tools.google.com\/dlpage\/gaoptout<br>Gemius: http:\/\/optout.hit.gemius.pl\/removeEN.php<\/p>\n\n\n\n<p>Ogla\u0161avanje<br>Osim na\u0161eg OpenX Source sustava za prikaz oglasa, kola\u010di\u0107e mogu spremati i drugi sustavi ogla\u0161avanja kroz koje na\u0161i partneri serviraju svoje oglase:<\/p>\n\n\n\n<ul class=\"wp-block-list\">\n<li>Google, AdSense, DoubleClick: http:\/\/www.google.com\/privacy_ads.html<\/li>\n\n\n\n<li>Gemius: http:\/\/optout.hit.gemius.pl\/removeEN.php<\/li>\n\n\n\n<li>Ostali: Your Online Choices, Opt Out From Online Behavioral Advertising<\/li>\n<\/ul>\n\n\n\n<p>PROMIJENITE SVOJ PRISTANAK<\/p>\n\n\n\n<p>KAKO ONEMOGU\u0106ITI \/ ISKLJU\u010cITI SPREMANJE KOLA\u010cI\u0106A?<br>Isklju\u010divanjem \/ blokiranjem kola\u010di\u0107a odlu\u010dujete o dozvoli pohranjivanja kola\u010di\u0107a na svom ra\u010dunalu. Postavke mo\u017eete kontrolirati i podesiti u svom web pregledniku.<br>Slijedite link (ovisno o pregledniku koji koristite) za op\u0161irnije informacije o postavkama kola\u010di\u0107a:<\/p>\n\n\n\n<ul class=\"wp-block-list\">\n<li>Google Chrome<\/li>\n\n\n\n<li>Mozilla Firefox<\/li>\n\n\n\n<li>Internet Explorer<\/li>\n\n\n\n<li>Opera<\/li>\n\n\n\n<li>Safari<br>Napomena: Blokiranje svih kola\u010di\u0107a pridonosi za\u0161titi privatnosti, ali mo\u017ee ograni\u010diti iskustvo rada na nekim web-mjestima.<\/li>\n<\/ul>\n\n\n\n<p>KORISTIMO SLJEDE\u0106E KOLA\u010cI\u0106E<\/p>\n\n\n\n<p>st-import-end<\/p>\n\n\n\n<p>e_globals<\/p>\n\n\n\n<p>e_kit-elements-defaults<\/p>\n\n\n\n<p>generateblocksDeviceType<\/p>\n\n\n\n<p>elementor<\/p>\n\n\n\n<p>gt-current-screen-www.thetaspirit.hr<\/p>\n\n\n\n<p>stk__design_library__block-list__selected<\/p>\n\n\n\n<p>uagSvgConfirmation<\/p>\n\n\n\n<p>stk__design_library__block-list__view_by<\/p>\n\n\n\n<p>generateblocksPanels<\/p>\n\n\n\n<p>st-scroll-position<\/p>\n\n\n\n<p>WP_PREFERENCES_USER_*<\/p>\n\n\n\n<p>starter-templates-onboarding<\/p>\n\n\n\n<p>st-import-start<\/p>\n\n\n\n<p>WP_DATA_USER_1<\/p>\n\n\n\n<p>wpEmojiSettingsSupports<\/p>\n\n\n\n<p>wp-settings-time-*<\/p>\n\n\n\n<p>wp-settings-*<\/p>\n\n\n\n<p>wordpress_test_cookie<\/p>\n\n\n\n<p>PHPSESSID<\/p>\n\n\n\n<p>wordpress_logged_in_*<\/p>\n\n\n\n<p>wfwaf-authcookie*<\/p>\n\n\n\n<p>cookieyes-consent<\/p>\n\n\n\n<p>cmplz_functional<\/p>\n\n\n\n<p>cmplz_statistics<\/p>\n\n\n\n<p>cmplz_preferences<\/p>\n\n\n\n<p>cmplz_marketing<\/p>","protected":false},"excerpt":{"rendered":"<p>\u0160TO SU KOLA\u010cI\u0106I, KAKO RADE I \u010cEMU SVE MOGU POSLU\u017dITI? Pojednostavljeno, kola\u010di\u0107i su informacije spremljene na va\u0161em ra\u010dunalu (a spremaju ih web-stranice koje posje\u0107ujete).Kola\u010di\u0107i obi\u010dno sadr\u017ee neke va\u0161e postavke (postavke internet preglednika, poput preferiranog jezika ili adrese). Kasnije, kada opet otvorite istu web-stranicu, va\u0161 internetski preglednik \u0161alje natrag kola\u010di\u0107e koji pripadaju toj stranici. Na taj [&hellip;]<\/p>\n","protected":false},"author":1,"featured_media":0,"parent":0,"menu_order":0,"comment_status":"closed","ping_status":"closed","template":"","meta":{"site-sidebar-layout":"default","site-content-layout":"","ast-site-content-layout":"default","site-content-style":"default","site-sidebar-style":"default","ast-global-header-display":"","ast-banner-title-visibility":"","ast-main-header-display":"","ast-hfb-above-header-display":"","ast-hfb-below-header-display":"","ast-hfb-mobile-header-display":"","site-post-title":"","ast-breadcrumbs-content":"","ast-featured-img":"","footer-sml-layout":"","ast-disable-related-posts":"","theme-transparent-header-meta":"","adv-header-id-meta":"","stick-header-meta":"","header-above-stick-meta":"","header-main-stick-meta":"","header-below-stick-meta":"","astra-migrate-meta-layouts":"set","ast-page-background-enabled":"default","ast-page-background-meta":{"desktop":{"background-color":"","background-image":"","background-repeat":"repeat","background-position":"center center","background-size":"auto","background-attachment":"scroll","background-type":"","background-media":"","overlay-type":"","overlay-color":"","overlay-opacity":"","overlay-gradient":""},"tablet":{"background-color":"","background-image":"","background-repeat":"repeat","background-position":"center center","background-size":"auto","background-attachment":"scroll","background-type":"","background-media":"","overlay-type":"","overlay-color":"","overlay-opacity":"","overlay-gradient":""},"mobile":{"background-color":"","background-image":"","background-repeat":"repeat","background-position":"center center","background-size":"auto","background-attachment":"scroll","background-type":"","background-media":"","overlay-type":"","overlay-color":"","overlay-opacity":"","overlay-gradient":""}},"ast-content-background-meta":{"desktop":{"background-color":"var(--ast-global-color-5)","background-image":"","background-repeat":"repeat","background-position":"center center","background-size":"auto","background-attachment":"scroll","background-type":"","background-media":"","overlay-type":"","overlay-color":"","overlay-opacity":"","overlay-gradient":""},"tablet":{"background-color":"var(--ast-global-color-5)","background-image":"","background-repeat":"repeat","background-position":"center center","background-size":"auto","background-attachment":"scroll","background-type":"","background-media":"","overlay-type":"","overlay-color":"","overlay-opacity":"","overlay-gradient":""},"mobile":{"background-color":"var(--ast-global-color-5)","background-image":"","background-repeat":"repeat","background-position":"center center","background-size":"auto","background-attachment":"scroll","background-type":"","background-media":"","overlay-type":"","overlay-color":"","overlay-opacity":"","overlay-gradient":""}},"footnotes":""},"class_list":["post-5792","page","type-page","status-publish","hentry"],"_links":{"self":[{"href":"https:\/\/www.thetaspirit.hr\/en\/wp-json\/wp\/v2\/pages\/5792","targetHints":{"allow":["GET"]}}],"collection":[{"href":"https:\/\/www.thetaspirit.hr\/en\/wp-json\/wp\/v2\/pages"}],"about":[{"href":"https:\/\/www.thetaspirit.hr\/en\/wp-json\/wp\/v2\/types\/page"}],"author":[{"embeddable":true,"href":"https:\/\/www.thetaspirit.hr\/en\/wp-json\/wp\/v2\/users\/1"}],"replies":[{"embeddable":true,"href":"https:\/\/www.thetaspirit.hr\/en\/wp-json\/wp\/v2\/comments?post=5792"}],"version-history":[{"count":2,"href":"https:\/\/www.thetaspirit.hr\/en\/wp-json\/wp\/v2\/pages\/5792\/revisions"}],"predecessor-version":[{"id":5795,"href":"https:\/\/www.thetaspirit.hr\/en\/wp-json\/wp\/v2\/pages\/5792\/revisions\/5795"}],"wp:attachment":[{"href":"https:\/\/www.thetaspirit.hr\/en\/wp-json\/wp\/v2\/media?parent=5792"}],"curies":[{"name":"wp","href":"https:\/\/api.w.org\/{rel}","templated":true}]}}